{"id":396,"date":"2025-05-26T07:47:22","date_gmt":"2025-05-26T05:47:22","guid":{"rendered":"https:\/\/www.vanillemaurice.com\/?post_type=product&#038;p=396"},"modified":"2026-03-30T20:28:05","modified_gmt":"2026-03-30T18:28:05","slug":"bourbon","status":"publish","type":"product","link":"https:\/\/www.vanillemaurice.com\/index.php\/produit\/bourbon\/","title":{"rendered":"Bourbon"},"content":{"rendered":"<p>Culture Vanille vous propose le gout authentique de la vanille naturelle avec ces gousses de vanille Bourbon de 16cm issues de l&#8217;archipel des Mascareignes (Comores, La R\u00e9union, Madagascar, Maurice, Seychelles). Tout l&#8217;exotisme gustatif que l&#8217;Oc\u00e9an Indien peut vous offrir.<\/p>\n<p>La vanille Bourbon Culture Vanille est produite dans l&#8217;Oc\u00e9an Indien selon une m\u00e9thode ancestrale garantie sans engrais chimiques. Une gousse de vanille au parfum envo\u00fbtant, m\u00ealant la douceur cr\u00e9meuse de la vanille \u00e0 des notes chaudes et fondantes de caramel dor\u00e9.<\/p>\n<p>Nous commercialisons une gamme de vanille label Bourbon avec une garantie de souplesse, d&#8217;onctuosit\u00e9 et de fra\u00eecheur in\u00e9gal\u00e9e. Nous ne s\u00e9lectionnons que les gousses \u00e9ligibles \u00e0 notre label Bourbon et r\u00e9pondant \u00e0 nos crit\u00e8res d&#8217;esth\u00e9tique, de taille, de texture et de parfum.<\/p>\n<p>La vanille est un produit d\u00e9licat, son conditionnement sous vide est id\u00e9al pour la pr\u00e9servation optimale des gousses. A l&#8217;abri de la lumi\u00e8re vous conserverez votre vanille sans en alt\u00e9rer qualit\u00e9, ar\u00f4me, souplesse.<\/p>\n<p>Plusieurs quantit\u00e9s de gousses disponibles :<\/p>\n<ul>\n<li>10 gousses<\/li>\n<li>20 gousses<\/li>\n<\/ul>\n<p>Culture Vanille \u00a9, label de qualit\u00e9 de Vanille et D\u00e9couverte Ltd &#8211; des id\u00e9es fra\u00eecheurs 100% Made in Mauritius, 100% Mad of Mauritius.<\/p>\n<p>&nbsp;<\/p>\n<p>&nbsp;<\/p>\n<p>Culture Vanille offers you the authentic taste of vanilla with this Bourbon Vanilla 16cm pod produced in the Mascareignes archipelago (Comoros, La R\u00e9union, Madagascar, Mauritius, Seychelles) bringing you all the exotic tastes the Indian Ocean can provide.<\/p>\n<p>Culture Vanille Bourbon vanilla is produced in the Indian Ocean using an ancestral method avoiding synthetic fertilizers. A vanilla with an irresistible aroma, blending creamy vanilla sweetness with warm, golden caramel notes.<\/p>\n<p>We market a range of Bourbon vanilla with a guarantee of flexibility, unctuousness and unsurpassed freshness. We select only the pods eligible for our Bourbon label and meeting ou criteria of aesthetics, sizes, textures ans scents.<\/p>\n<p>Vanilla is a delicate product, Culture Vanille products are vacuumed packed, shed away from direct sunlight in order to warrant long shelf life and maintain quality, aroma and softness.<\/p>\n<p>Available in different quantities :<\/p>\n<ul>\n<li>10 pods<\/li>\n<li>20 pods<\/li>\n<\/ul>\n<p>Culture Vanille \u00a9, Vanille et D\u00e9couverte Ltd quality label &#8211; fresh ideas 100% Made in Mauritius, 100% Mad of Mauritius.<\/p>\n","protected":false},"excerpt":{"rendered":"<p>Gousses de Vanille Bourbon<\/p>\n<p>Origine : Archipel des Mascareignes<\/p>\n","protected":false},"featured_media":721,"comment_status":"open","ping_status":"closed","template":"","meta":{"ocean_post_layout":"","ocean_both_sidebars_style":"","ocean_both_sidebars_content_width":0,"ocean_both_sidebars_sidebars_width":0,"ocean_sidebar":"0","ocean_second_sidebar":"0","ocean_disable_margins":"enable","ocean_add_body_class":"","ocean_shortcode_before_top_bar":"","ocean_shortcode_after_top_bar":"","ocean_shortcode_before_header":"","ocean_shortcode_after_header":"","ocean_has_shortcode":"","ocean_shortcode_after_title":"","ocean_shortcode_before_footer_widgets":"","ocean_shortcode_after_footer_widgets":"","ocean_shortcode_before_footer_bottom":"","ocean_shortcode_after_footer_bottom":"","ocean_display_top_bar":"default","ocean_display_header":"default","ocean_header_style":"","ocean_center_header_left_menu":"0","ocean_custom_header_template":"0","ocean_custom_logo":0,"ocean_custom_retina_logo":0,"ocean_custom_logo_max_width":0,"ocean_custom_logo_tablet_max_width":0,"ocean_custom_logo_mobile_max_width":0,"ocean_custom_logo_max_height":0,"ocean_custom_logo_tablet_max_height":0,"ocean_custom_logo_mobile_max_height":0,"ocean_header_custom_menu":"0","ocean_menu_typo_font_family":"0","ocean_menu_typo_font_subset":"","ocean_menu_typo_font_size":0,"ocean_menu_typo_font_size_tablet":0,"ocean_menu_typo_font_size_mobile":0,"ocean_menu_typo_font_size_unit":"px","ocean_menu_typo_font_weight":"","ocean_menu_typo_font_weight_tablet":"","ocean_menu_typo_font_weight_mobile":"","ocean_menu_typo_transform":"","ocean_menu_typo_transform_tablet":"","ocean_menu_typo_transform_mobile":"","ocean_menu_typo_line_height":0,"ocean_menu_typo_line_height_tablet":0,"ocean_menu_typo_line_height_mobile":0,"ocean_menu_typo_line_height_unit":"","ocean_menu_typo_spacing":0,"ocean_menu_typo_spacing_tablet":0,"ocean_menu_typo_spacing_mobile":0,"ocean_menu_typo_spacing_unit":"","ocean_menu_link_color":"","ocean_menu_link_color_hover":"","ocean_menu_link_color_active":"","ocean_menu_link_background":"","ocean_menu_link_hover_background":"","ocean_menu_link_active_background":"","ocean_menu_social_links_bg":"","ocean_menu_social_hover_links_bg":"","ocean_menu_social_links_color":"","ocean_menu_social_hover_links_color":"","ocean_disable_title":"default","ocean_disable_heading":"default","ocean_post_title":"","ocean_post_subheading":"","ocean_post_title_style":"","ocean_post_title_background_color":"","ocean_post_title_background":0,"ocean_post_title_bg_image_position":"","ocean_post_title_bg_image_attachment":"","ocean_post_title_bg_image_repeat":"","ocean_post_title_bg_image_size":"","ocean_post_title_height":0,"ocean_post_title_bg_overlay":0.5,"ocean_post_title_bg_overlay_color":"","ocean_disable_breadcrumbs":"default","ocean_breadcrumbs_color":"","ocean_breadcrumbs_separator_color":"","ocean_breadcrumbs_links_color":"","ocean_breadcrumbs_links_hover_color":"","ocean_display_footer_widgets":"default","ocean_display_footer_bottom":"default","ocean_custom_footer_template":"0"},"product_brand":[],"product_cat":[42,43],"product_tag":[],"class_list":{"0":"post-396","1":"product","2":"type-product","3":"status-publish","4":"has-post-thumbnail","6":"product_cat-bourbon","7":"product_cat-gousses-bourbon","8":"entry","9":"has-media","11":"first","12":"instock","13":"taxable","14":"shipping-taxable","15":"purchasable","16":"product-type-variable"},"yoast_head":"<!-- This site is optimized with the Yoast SEO plugin v27.4 - https:\/\/yoast.com\/product\/yoast-seo-wordpress\/ -->\n<title>Bourbon - CultureVanille<\/title>\n<meta name=\"robots\" content=\"index, follow, max-snippet:-1, max-image-preview:large, max-video-preview:-1\" \/>\n<link rel=\"canonical\" href=\"https:\/\/www.vanillemaurice.com\/index.php\/produit\/bourbon\/\" \/>\n<meta property=\"og:locale\" content=\"en_US\" \/>\n<meta property=\"og:type\" content=\"article\" \/>\n<meta property=\"og:title\" content=\"Bourbon - CultureVanille\" \/>\n<meta property=\"og:description\" content=\"Gousses de Vanille Bourbon  Origine : Archipel des Mascareignes\" \/>\n<meta property=\"og:url\" content=\"https:\/\/www.vanillemaurice.com\/index.php\/produit\/bourbon\/\" \/>\n<meta property=\"og:site_name\" content=\"CultureVanille\" \/>\n<meta property=\"article:modified_time\" content=\"2026-03-30T18:28:05+00:00\" \/>\n<meta property=\"og:image\" content=\"http:\/\/www.vanillemaurice.com\/wp-content\/uploads\/2025\/07\/image7.jpeg\" \/>\n\t<meta property=\"og:image:width\" content=\"1799\" \/>\n\t<meta property=\"og:image:height\" content=\"1799\" \/>\n\t<meta property=\"og:image:type\" content=\"image\/jpeg\" \/>\n<meta name=\"twitter:card\" content=\"summary_large_image\" \/>\n<meta name=\"twitter:label1\" content=\"Est. reading time\" \/>\n\t<meta name=\"twitter:data1\" content=\"2 minutes\" \/>\n<script type=\"application\/ld+json\" class=\"yoast-schema-graph\">{\"@context\":\"https:\\\/\\\/schema.org\",\"@graph\":[{\"@type\":\"WebPage\",\"@id\":\"https:\\\/\\\/www.vanillemaurice.com\\\/index.php\\\/produit\\\/bourbon\\\/\",\"url\":\"https:\\\/\\\/www.vanillemaurice.com\\\/index.php\\\/produit\\\/bourbon\\\/\",\"name\":\"Bourbon - CultureVanille\",\"isPartOf\":{\"@id\":\"https:\\\/\\\/www.vanillemaurice.com\\\/#website\"},\"primaryImageOfPage\":{\"@id\":\"https:\\\/\\\/www.vanillemaurice.com\\\/index.php\\\/produit\\\/bourbon\\\/#primaryimage\"},\"image\":{\"@id\":\"https:\\\/\\\/www.vanillemaurice.com\\\/index.php\\\/produit\\\/bourbon\\\/#primaryimage\"},\"thumbnailUrl\":\"https:\\\/\\\/www.vanillemaurice.com\\\/wp-content\\\/uploads\\\/2025\\\/07\\\/image7.jpeg\",\"datePublished\":\"2025-05-26T05:47:22+00:00\",\"dateModified\":\"2026-03-30T18:28:05+00:00\",\"breadcrumb\":{\"@id\":\"https:\\\/\\\/www.vanillemaurice.com\\\/index.php\\\/produit\\\/bourbon\\\/#breadcrumb\"},\"inLanguage\":\"en-US\",\"potentialAction\":[{\"@type\":\"ReadAction\",\"target\":[\"https:\\\/\\\/www.vanillemaurice.com\\\/index.php\\\/produit\\\/bourbon\\\/\"]}]},{\"@type\":\"ImageObject\",\"inLanguage\":\"en-US\",\"@id\":\"https:\\\/\\\/www.vanillemaurice.com\\\/index.php\\\/produit\\\/bourbon\\\/#primaryimage\",\"url\":\"https:\\\/\\\/www.vanillemaurice.com\\\/wp-content\\\/uploads\\\/2025\\\/07\\\/image7.jpeg\",\"contentUrl\":\"https:\\\/\\\/www.vanillemaurice.com\\\/wp-content\\\/uploads\\\/2025\\\/07\\\/image7.jpeg\",\"width\":1799,\"height\":1799},{\"@type\":\"BreadcrumbList\",\"@id\":\"https:\\\/\\\/www.vanillemaurice.com\\\/index.php\\\/produit\\\/bourbon\\\/#breadcrumb\",\"itemListElement\":[{\"@type\":\"ListItem\",\"position\":1,\"name\":\"Accueil\",\"item\":\"https:\\\/\\\/www.vanillemaurice.com\\\/\"},{\"@type\":\"ListItem\",\"position\":2,\"name\":\"Produits\",\"item\":\"https:\\\/\\\/www.vanillemaurice.com\\\/index.php\\\/produit\\\/\"},{\"@type\":\"ListItem\",\"position\":3,\"name\":\"Bourbon\"}]},{\"@type\":\"WebSite\",\"@id\":\"https:\\\/\\\/www.vanillemaurice.com\\\/#website\",\"url\":\"https:\\\/\\\/www.vanillemaurice.com\\\/\",\"name\":\"CultureVanille\",\"description\":\"100% Mad of Mauritius 100% Made in Mauritius\",\"publisher\":{\"@id\":\"https:\\\/\\\/www.vanillemaurice.com\\\/#organization\"},\"potentialAction\":[{\"@type\":\"SearchAction\",\"target\":{\"@type\":\"EntryPoint\",\"urlTemplate\":\"https:\\\/\\\/www.vanillemaurice.com\\\/?s={search_term_string}\"},\"query-input\":{\"@type\":\"PropertyValueSpecification\",\"valueRequired\":true,\"valueName\":\"search_term_string\"}}],\"inLanguage\":\"en-US\"},{\"@type\":\"Organization\",\"@id\":\"https:\\\/\\\/www.vanillemaurice.com\\\/#organization\",\"name\":\"CultureVanille\",\"url\":\"https:\\\/\\\/www.vanillemaurice.com\\\/\",\"logo\":{\"@type\":\"ImageObject\",\"inLanguage\":\"en-US\",\"@id\":\"https:\\\/\\\/www.vanillemaurice.com\\\/#\\\/schema\\\/logo\\\/image\\\/\",\"url\":\"https:\\\/\\\/www.vanillemaurice.com\\\/wp-content\\\/uploads\\\/2025\\\/05\\\/cropped-Logo.png\",\"contentUrl\":\"https:\\\/\\\/www.vanillemaurice.com\\\/wp-content\\\/uploads\\\/2025\\\/05\\\/cropped-Logo.png\",\"width\":296,\"height\":138,\"caption\":\"CultureVanille\"},\"image\":{\"@id\":\"https:\\\/\\\/www.vanillemaurice.com\\\/#\\\/schema\\\/logo\\\/image\\\/\"}}]}<\/script>\n<!-- \/ Yoast SEO plugin. -->","yoast_head_json":{"title":"Bourbon - CultureVanille","robots":{"index":"index","follow":"follow","max-snippet":"max-snippet:-1","max-image-preview":"max-image-preview:large","max-video-preview":"max-video-preview:-1"},"canonical":"https:\/\/www.vanillemaurice.com\/index.php\/produit\/bourbon\/","og_locale":"en_US","og_type":"article","og_title":"Bourbon - CultureVanille","og_description":"Gousses de Vanille Bourbon  Origine : Archipel des Mascareignes","og_url":"https:\/\/www.vanillemaurice.com\/index.php\/produit\/bourbon\/","og_site_name":"CultureVanille","article_modified_time":"2026-03-30T18:28:05+00:00","og_image":[{"width":1799,"height":1799,"url":"http:\/\/www.vanillemaurice.com\/wp-content\/uploads\/2025\/07\/image7.jpeg","type":"image\/jpeg"}],"twitter_card":"summary_large_image","twitter_misc":{"Est. reading time":"2 minutes"},"schema":{"@context":"https:\/\/schema.org","@graph":[{"@type":"WebPage","@id":"https:\/\/www.vanillemaurice.com\/index.php\/produit\/bourbon\/","url":"https:\/\/www.vanillemaurice.com\/index.php\/produit\/bourbon\/","name":"Bourbon - CultureVanille","isPartOf":{"@id":"https:\/\/www.vanillemaurice.com\/#website"},"primaryImageOfPage":{"@id":"https:\/\/www.vanillemaurice.com\/index.php\/produit\/bourbon\/#primaryimage"},"image":{"@id":"https:\/\/www.vanillemaurice.com\/index.php\/produit\/bourbon\/#primaryimage"},"thumbnailUrl":"https:\/\/www.vanillemaurice.com\/wp-content\/uploads\/2025\/07\/image7.jpeg","datePublished":"2025-05-26T05:47:22+00:00","dateModified":"2026-03-30T18:28:05+00:00","breadcrumb":{"@id":"https:\/\/www.vanillemaurice.com\/index.php\/produit\/bourbon\/#breadcrumb"},"inLanguage":"en-US","potentialAction":[{"@type":"ReadAction","target":["https:\/\/www.vanillemaurice.com\/index.php\/produit\/bourbon\/"]}]},{"@type":"ImageObject","inLanguage":"en-US","@id":"https:\/\/www.vanillemaurice.com\/index.php\/produit\/bourbon\/#primaryimage","url":"https:\/\/www.vanillemaurice.com\/wp-content\/uploads\/2025\/07\/image7.jpeg","contentUrl":"https:\/\/www.vanillemaurice.com\/wp-content\/uploads\/2025\/07\/image7.jpeg","width":1799,"height":1799},{"@type":"BreadcrumbList","@id":"https:\/\/www.vanillemaurice.com\/index.php\/produit\/bourbon\/#breadcrumb","itemListElement":[{"@type":"ListItem","position":1,"name":"Accueil","item":"https:\/\/www.vanillemaurice.com\/"},{"@type":"ListItem","position":2,"name":"Produits","item":"https:\/\/www.vanillemaurice.com\/index.php\/produit\/"},{"@type":"ListItem","position":3,"name":"Bourbon"}]},{"@type":"WebSite","@id":"https:\/\/www.vanillemaurice.com\/#website","url":"https:\/\/www.vanillemaurice.com\/","name":"CultureVanille","description":"100% Mad of Mauritius 100% Made in Mauritius","publisher":{"@id":"https:\/\/www.vanillemaurice.com\/#organization"},"potentialAction":[{"@type":"SearchAction","target":{"@type":"EntryPoint","urlTemplate":"https:\/\/www.vanillemaurice.com\/?s={search_term_string}"},"query-input":{"@type":"PropertyValueSpecification","valueRequired":true,"valueName":"search_term_string"}}],"inLanguage":"en-US"},{"@type":"Organization","@id":"https:\/\/www.vanillemaurice.com\/#organization","name":"CultureVanille","url":"https:\/\/www.vanillemaurice.com\/","logo":{"@type":"ImageObject","inLanguage":"en-US","@id":"https:\/\/www.vanillemaurice.com\/#\/schema\/logo\/image\/","url":"https:\/\/www.vanillemaurice.com\/wp-content\/uploads\/2025\/05\/cropped-Logo.png","contentUrl":"https:\/\/www.vanillemaurice.com\/wp-content\/uploads\/2025\/05\/cropped-Logo.png","width":296,"height":138,"caption":"CultureVanille"},"image":{"@id":"https:\/\/www.vanillemaurice.com\/#\/schema\/logo\/image\/"}}]}},"jetpack_sharing_enabled":true,"_links":{"self":[{"href":"https:\/\/www.vanillemaurice.com\/index.php\/wp-json\/wp\/v2\/product\/396","targetHints":{"allow":["GET"]}}],"collection":[{"href":"https:\/\/www.vanillemaurice.com\/index.php\/wp-json\/wp\/v2\/product"}],"about":[{"href":"https:\/\/www.vanillemaurice.com\/index.php\/wp-json\/wp\/v2\/types\/product"}],"replies":[{"embeddable":true,"href":"https:\/\/www.vanillemaurice.com\/index.php\/wp-json\/wp\/v2\/comments?post=396"}],"wp:featuredmedia":[{"embeddable":true,"href":"https:\/\/www.vanillemaurice.com\/index.php\/wp-json\/wp\/v2\/media\/721"}],"wp:attachment":[{"href":"https:\/\/www.vanillemaurice.com\/index.php\/wp-json\/wp\/v2\/media?parent=396"}],"wp:term":[{"taxonomy":"product_brand","embeddable":true,"href":"https:\/\/www.vanillemaurice.com\/index.php\/wp-json\/wp\/v2\/product_brand?post=396"},{"taxonomy":"product_cat","embeddable":true,"href":"https:\/\/www.vanillemaurice.com\/index.php\/wp-json\/wp\/v2\/product_cat?post=396"},{"taxonomy":"product_tag","embeddable":true,"href":"https:\/\/www.vanillemaurice.com\/index.php\/wp-json\/wp\/v2\/product_tag?post=396"}],"curies":[{"name":"wp","href":"https:\/\/api.w.org\/{rel}","templated":true}]}}