{"id":404,"date":"2025-05-26T08:03:54","date_gmt":"2025-05-26T06:03:54","guid":{"rendered":"https:\/\/www.vanillemaurice.com\/?post_type=product&#038;p=404"},"modified":"2026-04-08T07:17:45","modified_gmt":"2026-04-08T05:17:45","slug":"lazy-vanilla","status":"publish","type":"product","link":"https:\/\/www.vanillemaurice.com\/index.php\/produit\/lazy-vanilla\/","title":{"rendered":"Lazy Vanilla"},"content":{"rendered":"<p>La poudre de vanille &#8220;Culture Vanille&#8221; est constitu\u00e9e de gousses de vanille enti\u00e8re issues de plans gourmets Vanilla Planifolia 100% Maurice 100% Naturelle.<\/p>\n<p>Vanille naturelle exclusivement produite sur l&#8217;Ile Maurice selon une m\u00e9thode ancestrale garantie sans engrais chimiques. Une gousse de vanille de l\u2019\u00eele Maurice au parfum envo\u00fbtant, m\u00ealant la douceur cr\u00e9meuse de la vanille \u00e0 des notes chaudes et fondantes de caramel dor\u00e9. V\u00e9ritable poudre de gousses de vanille enti\u00e8res.<\/p>\n<p>R\u00e9sultant du broyage de la totalit\u00e9 de la gousse, la poudre est ensuite conditionn\u00e9e en sachets plastiques alimentaires thermocoll\u00e9s avec bouchon verseur \u00e0 vis opercul\u00e9e. Conservation \u00e0 l&#8217;abri de la lumi\u00e8re pour pr\u00e9server la qualit\u00e9 et l&#8217;ar\u00f4me du produit.<\/p>\n<p>Utiliser la v\u00e9ritable poudre de vanille &#8220;Culture Vanille&#8221; est la mani\u00e8re la plus simple d&#8217;incorporer la vanille dans toutes vos pr\u00e9parations. On la surnomme parfois &#8220;vanille du feignant&#8221; du fait de la simplicit\u00e9 et la rapidit\u00e9 de son usage.<\/p>\n<p>N&#8217;oubliez pas que notre poudre de vanille moulue est diff\u00e9rente de la poudre de vanille ordinaire qui est une combinaison de sucre ou de dextrose et de vanille moulue ou d&#8217;extrait de vanille. Notre poudre de vanille moulue est un produit tr\u00e8s parfum\u00e9 qui peut \u00eatre utilis\u00e9 pour la couleur, la texture et bien s\u00fbr le go\u00fbt. Lorsqu&#8217;elle est combin\u00e9e \u00e0 de l&#8217;extrait de vanille pure, elle peut cr\u00e9er des couches diff\u00e9rentes de saveur de vanille.<\/p>\n<p>Une cuill\u00e8re \u00e0 caf\u00e9 de poudre correspond \u00e0 deux gousses de vanille et son pouvoir d&#8217;exhalaison, bien qu&#8217;inf\u00e9rieur \u00e0 celui d&#8217;une gousse fra\u00eeche, satisfera la plupart des cuisiniers. La poudre de vanille enti\u00e8re donnera la couleur caram\u00e9lis\u00e9e recherch\u00e9e \u00e0 vos pr\u00e9parations sal\u00e9es ou sucr\u00e9es. La finesse de son concassage se distinguera dans vos recettes de glaces, sorbets ou aspics. Id\u00e9al pour toutes les pr\u00e9parations culinaires.<\/p>\n<p>Un plaisir pour les yeux, un r\u00e9gal pour les papilles &#8230;<\/p>\n<p>Plusieurs formats disponibles :<\/p>\n<ul>\n<li>P&#8217;tit pot (~10 grammes)<\/li>\n<li>Pouch (~70 grammes)<\/li>\n<li>Gros pot (~80 grammes)<\/li>\n<\/ul>\n<p>Culture Vanille \u00a9, label de qualit\u00e9 de Vanille et D\u00e9couverte Ltd &#8211; des id\u00e9es fra\u00eecheurs 100% Made in Mauritius, 100% Mad of Mauritius.<\/p>\n<blockquote>\n<hr \/>\n<\/blockquote>\n<p>&#8220;Culture Vanille&#8221; vanilla powder is made from whole vanilla pods from gourmet plans Vanilla Planifolia 100% Mauritius 100% Natural.<\/p>\n<p>Natural vanilla produced exclusively in Mauritius using an ancestral method avoiding synthetic fertilizers. A vanilla from Mauritius with an irresistible aroma, blending creamy vanilla sweetness with warm, golden caramel notes. Genuine whole vanilla bean powder.<\/p>\n<p>&#8220;Culture Vanille&#8221; ground vanilla powder is made by grinding the whole vanilla pod including its beans. The powder is then packaged in heat-sealed food-grade plastic sachets with screw-top closures. Shed away from direct sunlight in order to warrant long shelf life and maintain quality and aroma.<\/p>\n<p>Culture Vanille offers you a vanilla powder ready for use, when lazy feels just right. Vanilla powder is the easiest way to add vanilla to any recipe. The real taste of vanilla and nothing more : 100% natural, 100% pleasure and 100% smell, taste and color of vanilla beans.<\/p>\n<p>Do remember that our ground vanilla powder is different from mainstream vanilla powder which is a combination of sugar or dextrose and ground vanilla or vanilla extract. Whereas our ground vanilla powder is a very fragrant product that can be used for color, texture and of course taste. When combined with pure vanilla extract it can create layers of vanilla flavor.<\/p>\n<p>About one teaspoon of powder is equivalent to two vanilla beans, and although its exhalation power is inferior to the one of a fresh bean, it will satisfy most cooks. Whole vanilla powder will give the desired caramelized color to your savory or sweet preparations. The finesse of its crushing will stand out in your ice cream, sorbet or aspic recipes. Ideal for all kinds of preparations.<\/p>\n<p>Different sizes available :<\/p>\n<ul>\n<li>P&#8217;tit pot (~10 grammes)<\/li>\n<li>Pouch (~70 grammes)<\/li>\n<li>Gros pot (~80 grammes)<\/li>\n<\/ul>\n<p>Culture Vanille \u00a9, Vanille et D\u00e9couverte Ltd quality label &#8211; fresh ideas 100% Made in Mauritius, 100% Mad of Mauritius.<\/p>\n","protected":false},"excerpt":{"rendered":"<p>Poudre de Vanille Lazy Vanilla<\/p>\n<p>100% naturelle<\/p>\n","protected":false},"featured_media":556,"comment_status":"open","ping_status":"closed","template":"","meta":{"ocean_post_layout":"","ocean_both_sidebars_style":"","ocean_both_sidebars_content_width":0,"ocean_both_sidebars_sidebars_width":0,"ocean_sidebar":"0","ocean_second_sidebar":"0","ocean_disable_margins":"enable","ocean_add_body_class":"","ocean_shortcode_before_top_bar":"","ocean_shortcode_after_top_bar":"","ocean_shortcode_before_header":"","ocean_shortcode_after_header":"","ocean_has_shortcode":"","ocean_shortcode_after_title":"","ocean_shortcode_before_footer_widgets":"","ocean_shortcode_after_footer_widgets":"","ocean_shortcode_before_footer_bottom":"","ocean_shortcode_after_footer_bottom":"","ocean_display_top_bar":"default","ocean_display_header":"default","ocean_header_style":"","ocean_center_header_left_menu":"0","ocean_custom_header_template":"0","ocean_custom_logo":0,"ocean_custom_retina_logo":0,"ocean_custom_logo_max_width":0,"ocean_custom_logo_tablet_max_width":0,"ocean_custom_logo_mobile_max_width":0,"ocean_custom_logo_max_height":0,"ocean_custom_logo_tablet_max_height":0,"ocean_custom_logo_mobile_max_height":0,"ocean_header_custom_menu":"0","ocean_menu_typo_font_family":"0","ocean_menu_typo_font_subset":"","ocean_menu_typo_font_size":0,"ocean_menu_typo_font_size_tablet":0,"ocean_menu_typo_font_size_mobile":0,"ocean_menu_typo_font_size_unit":"px","ocean_menu_typo_font_weight":"","ocean_menu_typo_font_weight_tablet":"","ocean_menu_typo_font_weight_mobile":"","ocean_menu_typo_transform":"","ocean_menu_typo_transform_tablet":"","ocean_menu_typo_transform_mobile":"","ocean_menu_typo_line_height":0,"ocean_menu_typo_line_height_tablet":0,"ocean_menu_typo_line_height_mobile":0,"ocean_menu_typo_line_height_unit":"","ocean_menu_typo_spacing":0,"ocean_menu_typo_spacing_tablet":0,"ocean_menu_typo_spacing_mobile":0,"ocean_menu_typo_spacing_unit":"","ocean_menu_link_color":"","ocean_menu_link_color_hover":"","ocean_menu_link_color_active":"","ocean_menu_link_background":"","ocean_menu_link_hover_background":"","ocean_menu_link_active_background":"","ocean_menu_social_links_bg":"","ocean_menu_social_hover_links_bg":"","ocean_menu_social_links_color":"","ocean_menu_social_hover_links_color":"","ocean_disable_title":"default","ocean_disable_heading":"default","ocean_post_title":"","ocean_post_subheading":"","ocean_post_title_style":"","ocean_post_title_background_color":"","ocean_post_title_background":0,"ocean_post_title_bg_image_position":"","ocean_post_title_bg_image_attachment":"","ocean_post_title_bg_image_repeat":"","ocean_post_title_bg_image_size":"","ocean_post_title_height":0,"ocean_post_title_bg_overlay":0.5,"ocean_post_title_bg_overlay_color":"","ocean_disable_breadcrumbs":"default","ocean_breadcrumbs_color":"","ocean_breadcrumbs_separator_color":"","ocean_breadcrumbs_links_color":"","ocean_breadcrumbs_links_hover_color":"","ocean_display_footer_widgets":"default","ocean_display_footer_bottom":"default","ocean_custom_footer_template":"0"},"product_brand":[],"product_cat":[46],"product_tag":[],"class_list":{"0":"post-404","1":"product","2":"type-product","3":"status-publish","4":"has-post-thumbnail","6":"product_cat-lazy-vanilla","7":"entry","8":"has-media","10":"first","11":"instock","12":"taxable","13":"shipping-taxable","14":"purchasable","15":"product-type-variable"},"yoast_head":"<!-- This site is optimized with the Yoast SEO plugin v27.4 - https:\/\/yoast.com\/product\/yoast-seo-wordpress\/ -->\n<title>Lazy Vanilla - CultureVanille<\/title>\n<meta name=\"robots\" content=\"index, follow, max-snippet:-1, max-image-preview:large, max-video-preview:-1\" \/>\n<link rel=\"canonical\" href=\"https:\/\/www.vanillemaurice.com\/index.php\/produit\/lazy-vanilla\/\" \/>\n<meta property=\"og:locale\" content=\"en_US\" \/>\n<meta property=\"og:type\" content=\"article\" \/>\n<meta property=\"og:title\" content=\"Lazy Vanilla - CultureVanille\" \/>\n<meta property=\"og:description\" content=\"Poudre de Vanille Lazy Vanilla  100% naturelle\" \/>\n<meta property=\"og:url\" content=\"https:\/\/www.vanillemaurice.com\/index.php\/produit\/lazy-vanilla\/\" \/>\n<meta property=\"og:site_name\" content=\"CultureVanille\" \/>\n<meta property=\"article:modified_time\" content=\"2026-04-08T05:17:45+00:00\" \/>\n<meta property=\"og:image\" content=\"http:\/\/www.vanillemaurice.com\/wp-content\/uploads\/2025\/05\/Dodo-Colour-copie-e1749641286776.jpg\" \/>\n\t<meta property=\"og:image:width\" content=\"1200\" \/>\n\t<meta property=\"og:image:height\" content=\"945\" \/>\n\t<meta property=\"og:image:type\" content=\"image\/jpeg\" \/>\n<meta name=\"twitter:card\" content=\"summary_large_image\" \/>\n<meta name=\"twitter:label1\" content=\"Est. reading time\" \/>\n\t<meta name=\"twitter:data1\" content=\"4 minutes\" \/>\n<script type=\"application\/ld+json\" class=\"yoast-schema-graph\">{\"@context\":\"https:\\\/\\\/schema.org\",\"@graph\":[{\"@type\":\"WebPage\",\"@id\":\"https:\\\/\\\/www.vanillemaurice.com\\\/index.php\\\/produit\\\/lazy-vanilla\\\/\",\"url\":\"https:\\\/\\\/www.vanillemaurice.com\\\/index.php\\\/produit\\\/lazy-vanilla\\\/\",\"name\":\"Lazy Vanilla - CultureVanille\",\"isPartOf\":{\"@id\":\"https:\\\/\\\/www.vanillemaurice.com\\\/#website\"},\"primaryImageOfPage\":{\"@id\":\"https:\\\/\\\/www.vanillemaurice.com\\\/index.php\\\/produit\\\/lazy-vanilla\\\/#primaryimage\"},\"image\":{\"@id\":\"https:\\\/\\\/www.vanillemaurice.com\\\/index.php\\\/produit\\\/lazy-vanilla\\\/#primaryimage\"},\"thumbnailUrl\":\"https:\\\/\\\/www.vanillemaurice.com\\\/wp-content\\\/uploads\\\/2025\\\/05\\\/Dodo-Colour-copie-e1749641286776.jpg\",\"datePublished\":\"2025-05-26T06:03:54+00:00\",\"dateModified\":\"2026-04-08T05:17:45+00:00\",\"breadcrumb\":{\"@id\":\"https:\\\/\\\/www.vanillemaurice.com\\\/index.php\\\/produit\\\/lazy-vanilla\\\/#breadcrumb\"},\"inLanguage\":\"en-US\",\"potentialAction\":[{\"@type\":\"ReadAction\",\"target\":[\"https:\\\/\\\/www.vanillemaurice.com\\\/index.php\\\/produit\\\/lazy-vanilla\\\/\"]}]},{\"@type\":\"ImageObject\",\"inLanguage\":\"en-US\",\"@id\":\"https:\\\/\\\/www.vanillemaurice.com\\\/index.php\\\/produit\\\/lazy-vanilla\\\/#primaryimage\",\"url\":\"https:\\\/\\\/www.vanillemaurice.com\\\/wp-content\\\/uploads\\\/2025\\\/05\\\/Dodo-Colour-copie-e1749641286776.jpg\",\"contentUrl\":\"https:\\\/\\\/www.vanillemaurice.com\\\/wp-content\\\/uploads\\\/2025\\\/05\\\/Dodo-Colour-copie-e1749641286776.jpg\",\"width\":1200,\"height\":945},{\"@type\":\"BreadcrumbList\",\"@id\":\"https:\\\/\\\/www.vanillemaurice.com\\\/index.php\\\/produit\\\/lazy-vanilla\\\/#breadcrumb\",\"itemListElement\":[{\"@type\":\"ListItem\",\"position\":1,\"name\":\"Accueil\",\"item\":\"https:\\\/\\\/www.vanillemaurice.com\\\/\"},{\"@type\":\"ListItem\",\"position\":2,\"name\":\"Produits\",\"item\":\"https:\\\/\\\/www.vanillemaurice.com\\\/index.php\\\/produit\\\/\"},{\"@type\":\"ListItem\",\"position\":3,\"name\":\"Lazy Vanilla\"}]},{\"@type\":\"WebSite\",\"@id\":\"https:\\\/\\\/www.vanillemaurice.com\\\/#website\",\"url\":\"https:\\\/\\\/www.vanillemaurice.com\\\/\",\"name\":\"CultureVanille\",\"description\":\"100% Mad of Mauritius 100% Made in Mauritius\",\"publisher\":{\"@id\":\"https:\\\/\\\/www.vanillemaurice.com\\\/#organization\"},\"potentialAction\":[{\"@type\":\"SearchAction\",\"target\":{\"@type\":\"EntryPoint\",\"urlTemplate\":\"https:\\\/\\\/www.vanillemaurice.com\\\/?s={search_term_string}\"},\"query-input\":{\"@type\":\"PropertyValueSpecification\",\"valueRequired\":true,\"valueName\":\"search_term_string\"}}],\"inLanguage\":\"en-US\"},{\"@type\":\"Organization\",\"@id\":\"https:\\\/\\\/www.vanillemaurice.com\\\/#organization\",\"name\":\"CultureVanille\",\"url\":\"https:\\\/\\\/www.vanillemaurice.com\\\/\",\"logo\":{\"@type\":\"ImageObject\",\"inLanguage\":\"en-US\",\"@id\":\"https:\\\/\\\/www.vanillemaurice.com\\\/#\\\/schema\\\/logo\\\/image\\\/\",\"url\":\"https:\\\/\\\/www.vanillemaurice.com\\\/wp-content\\\/uploads\\\/2025\\\/05\\\/cropped-Logo.png\",\"contentUrl\":\"https:\\\/\\\/www.vanillemaurice.com\\\/wp-content\\\/uploads\\\/2025\\\/05\\\/cropped-Logo.png\",\"width\":296,\"height\":138,\"caption\":\"CultureVanille\"},\"image\":{\"@id\":\"https:\\\/\\\/www.vanillemaurice.com\\\/#\\\/schema\\\/logo\\\/image\\\/\"}}]}<\/script>\n<!-- \/ Yoast SEO plugin. -->","yoast_head_json":{"title":"Lazy Vanilla - CultureVanille","robots":{"index":"index","follow":"follow","max-snippet":"max-snippet:-1","max-image-preview":"max-image-preview:large","max-video-preview":"max-video-preview:-1"},"canonical":"https:\/\/www.vanillemaurice.com\/index.php\/produit\/lazy-vanilla\/","og_locale":"en_US","og_type":"article","og_title":"Lazy Vanilla - CultureVanille","og_description":"Poudre de Vanille Lazy Vanilla  100% naturelle","og_url":"https:\/\/www.vanillemaurice.com\/index.php\/produit\/lazy-vanilla\/","og_site_name":"CultureVanille","article_modified_time":"2026-04-08T05:17:45+00:00","og_image":[{"width":1200,"height":945,"url":"http:\/\/www.vanillemaurice.com\/wp-content\/uploads\/2025\/05\/Dodo-Colour-copie-e1749641286776.jpg","type":"image\/jpeg"}],"twitter_card":"summary_large_image","twitter_misc":{"Est. reading time":"4 minutes"},"schema":{"@context":"https:\/\/schema.org","@graph":[{"@type":"WebPage","@id":"https:\/\/www.vanillemaurice.com\/index.php\/produit\/lazy-vanilla\/","url":"https:\/\/www.vanillemaurice.com\/index.php\/produit\/lazy-vanilla\/","name":"Lazy Vanilla - CultureVanille","isPartOf":{"@id":"https:\/\/www.vanillemaurice.com\/#website"},"primaryImageOfPage":{"@id":"https:\/\/www.vanillemaurice.com\/index.php\/produit\/lazy-vanilla\/#primaryimage"},"image":{"@id":"https:\/\/www.vanillemaurice.com\/index.php\/produit\/lazy-vanilla\/#primaryimage"},"thumbnailUrl":"https:\/\/www.vanillemaurice.com\/wp-content\/uploads\/2025\/05\/Dodo-Colour-copie-e1749641286776.jpg","datePublished":"2025-05-26T06:03:54+00:00","dateModified":"2026-04-08T05:17:45+00:00","breadcrumb":{"@id":"https:\/\/www.vanillemaurice.com\/index.php\/produit\/lazy-vanilla\/#breadcrumb"},"inLanguage":"en-US","potentialAction":[{"@type":"ReadAction","target":["https:\/\/www.vanillemaurice.com\/index.php\/produit\/lazy-vanilla\/"]}]},{"@type":"ImageObject","inLanguage":"en-US","@id":"https:\/\/www.vanillemaurice.com\/index.php\/produit\/lazy-vanilla\/#primaryimage","url":"https:\/\/www.vanillemaurice.com\/wp-content\/uploads\/2025\/05\/Dodo-Colour-copie-e1749641286776.jpg","contentUrl":"https:\/\/www.vanillemaurice.com\/wp-content\/uploads\/2025\/05\/Dodo-Colour-copie-e1749641286776.jpg","width":1200,"height":945},{"@type":"BreadcrumbList","@id":"https:\/\/www.vanillemaurice.com\/index.php\/produit\/lazy-vanilla\/#breadcrumb","itemListElement":[{"@type":"ListItem","position":1,"name":"Accueil","item":"https:\/\/www.vanillemaurice.com\/"},{"@type":"ListItem","position":2,"name":"Produits","item":"https:\/\/www.vanillemaurice.com\/index.php\/produit\/"},{"@type":"ListItem","position":3,"name":"Lazy Vanilla"}]},{"@type":"WebSite","@id":"https:\/\/www.vanillemaurice.com\/#website","url":"https:\/\/www.vanillemaurice.com\/","name":"CultureVanille","description":"100% Mad of Mauritius 100% Made in Mauritius","publisher":{"@id":"https:\/\/www.vanillemaurice.com\/#organization"},"potentialAction":[{"@type":"SearchAction","target":{"@type":"EntryPoint","urlTemplate":"https:\/\/www.vanillemaurice.com\/?s={search_term_string}"},"query-input":{"@type":"PropertyValueSpecification","valueRequired":true,"valueName":"search_term_string"}}],"inLanguage":"en-US"},{"@type":"Organization","@id":"https:\/\/www.vanillemaurice.com\/#organization","name":"CultureVanille","url":"https:\/\/www.vanillemaurice.com\/","logo":{"@type":"ImageObject","inLanguage":"en-US","@id":"https:\/\/www.vanillemaurice.com\/#\/schema\/logo\/image\/","url":"https:\/\/www.vanillemaurice.com\/wp-content\/uploads\/2025\/05\/cropped-Logo.png","contentUrl":"https:\/\/www.vanillemaurice.com\/wp-content\/uploads\/2025\/05\/cropped-Logo.png","width":296,"height":138,"caption":"CultureVanille"},"image":{"@id":"https:\/\/www.vanillemaurice.com\/#\/schema\/logo\/image\/"}}]}},"jetpack_sharing_enabled":true,"_links":{"self":[{"href":"https:\/\/www.vanillemaurice.com\/index.php\/wp-json\/wp\/v2\/product\/404","targetHints":{"allow":["GET"]}}],"collection":[{"href":"https:\/\/www.vanillemaurice.com\/index.php\/wp-json\/wp\/v2\/product"}],"about":[{"href":"https:\/\/www.vanillemaurice.com\/index.php\/wp-json\/wp\/v2\/types\/product"}],"replies":[{"embeddable":true,"href":"https:\/\/www.vanillemaurice.com\/index.php\/wp-json\/wp\/v2\/comments?post=404"}],"wp:featuredmedia":[{"embeddable":true,"href":"https:\/\/www.vanillemaurice.com\/index.php\/wp-json\/wp\/v2\/media\/556"}],"wp:attachment":[{"href":"https:\/\/www.vanillemaurice.com\/index.php\/wp-json\/wp\/v2\/media?parent=404"}],"wp:term":[{"taxonomy":"product_brand","embeddable":true,"href":"https:\/\/www.vanillemaurice.com\/index.php\/wp-json\/wp\/v2\/product_brand?post=404"},{"taxonomy":"product_cat","embeddable":true,"href":"https:\/\/www.vanillemaurice.com\/index.php\/wp-json\/wp\/v2\/product_cat?post=404"},{"taxonomy":"product_tag","embeddable":true,"href":"https:\/\/www.vanillemaurice.com\/index.php\/wp-json\/wp\/v2\/product_tag?post=404"}],"curies":[{"name":"wp","href":"https:\/\/api.w.org\/{rel}","templated":true}]}}